{"id":1238,"date":"2024-12-12T20:16:22","date_gmt":"2024-12-12T20:16:22","guid":{"rendered":"https:\/\/aepalizage.iot-d.de\/?page_id=1238"},"modified":"2026-01-29T10:48:39","modified_gmt":"2026-01-29T10:48:39","slug":"nox-arcanum","status":"publish","type":"page","link":"https:\/\/aepalizage.iot-d.de\/?page_id=1238","title":{"rendered":"Nox Arcanum"},"content":{"rendered":"\n<div style=\"height:25px\" aria-hidden=\"true\" class=\"wp-block-spacer\"><\/div>\n\n\n\n<h2 class=\"wp-block-heading has-text-align-center has-x-large-font-size\">NOX ARCANUM<\/h2>\n\n\n\n<div style=\"height:58px\" aria-hidden=\"true\" class=\"wp-block-spacer\"><\/div>\n\n\n\n<figure class=\"wp-block-image aligncenter size-full is-resized\"><img loading=\"lazy\" decoding=\"async\" width=\"526\" height=\"744\" src=\"https:\/\/aepalizage.iot-d.de\/wp-content\/uploads\/2024\/12\/Screenshot-from-2024-12-09-14-30-51-1.png\" alt=\"\" class=\"wp-image-1245\" style=\"width:411px;height:auto\" srcset=\"https:\/\/aepalizage.iot-d.de\/wp-content\/uploads\/2024\/12\/Screenshot-from-2024-12-09-14-30-51-1.png 526w, https:\/\/aepalizage.iot-d.de\/wp-content\/uploads\/2024\/12\/Screenshot-from-2024-12-09-14-30-51-1-212x300.png 212w\" sizes=\"(max-width: 526px) 100vw, 526px\" \/><\/figure>\n\n\n\n<p>Ein Sammelband aus Beitr\u00e4gen, die als Schwerpunkt den <em>Pfad zur linken Hand<\/em> haben, wie er im westlichen Okkultismus verstanden wird. Die Autoren kommen aus unterschiedlichen modernen magischen Str\u00f6mungen. Dadurch wird das Thema aus dem Untertitel &#8211; &#8222;Philosophie und Praxis der Selbstverg\u00f6ttlichung&#8220; &#8211; gleich durch mehrere Paradigmen gefiltert: Es gibt Setianisch eingef\u00e4rbte Kapitel, chaosmagische, einen Text zum Sufismus, eine Einf\u00fchrung in die go\u00ebtische Magie, psychologische und mystische Beitr\u00e4ge, und vor allem auch praktische Arbeiten, zum Beispiel im heidnischen nordischen Pantheon oder im antiken \u00c4gyptischen.<\/p>\n\n\n\n<p>Auswahl aus dem Inhalt:<\/p>\n\n\n\n<ul>\n<li>Eine Abhandlung zum Thema <em>Urschuld<\/em> &#8211; nicht der \u00fcbliche Einstieg in den westlichen Pfad zur Linken, aber gerade deswegen sehr lesenswert!<\/li>\n\n\n\n<li>Ein Kapitel \u00fcber den Nutzen der <em>Gottesfurcht<\/em> f\u00fcr Luziferianer. Ein weiteres Highlight.<\/li>\n\n\n\n<li>Eine chaosmagische Arbeit, die Vitamintabletten und Nietzsche-Zitate verwendet.<\/li>\n\n\n\n<li>Baphomets Werdegang durch die Jahrhunderte.<\/li>\n\n\n\n<li>Sets Werdegang durch die Jahrtausende.<\/li>\n\n\n\n<li>Wie man B\u00f6ses mit B\u00f6sem bek\u00e4mpft.<br><\/li>\n<\/ul>\n\n\n\n<p>Das Buch ist 2013 erschienen und heute leider nur noch als Ebook erh\u00e4ltlich.<\/p>\n\n\n\n<p><em><strong>Nox Arcanum<\/strong><\/em>, Holger Kliemannel (Hrsg.), 2013, Edition Roter Drache, Rudolstadt<\/p>\n\n\n\n<div style=\"height:63px\" aria-hidden=\"true\" class=\"wp-block-spacer\"><\/div>\n\n\n\n<div class=\"wp-block-buttons is-content-justification-center is-layout-flex wp-container-core-buttons-layout-1 wp-block-buttons-is-layout-flex\">\n<div class=\"wp-block-button is-style-outline\"><a class=\"wp-block-button__link has-foreground-background-color has-background wp-element-button\" href=\"https:\/\/aepalizage.iot-d.de\/?page_id=78\" style=\"border-width:1px\">zur\u00fcck<\/a><\/div>\n<\/div>\n","protected":false},"excerpt":{"rendered":"<p>NOX ARCANUM Ein Sammelband aus Beitr\u00e4gen, die als Schwerpunkt den Pfad zur linken Hand haben, wie er im westlichen Okkultismus verstanden wird. Die Autoren kommen aus unterschiedlichen modernen magischen Str\u00f6mungen. Dadurch wird das Thema aus dem Untertitel &#8211; &#8222;Philosophie und Praxis der Selbstverg\u00f6ttlichung&#8220; &#8211; gleich durch mehrere Paradigmen gefiltert: Es gibt Setianisch eingef\u00e4rbte Kapitel, chaosmagische, [&hellip;]<\/p>\n","protected":false},"author":2,"featured_media":0,"parent":78,"menu_order":6,"comment_status":"closed","ping_status":"closed","template":"","meta":{"footnotes":""},"_links":{"self":[{"href":"https:\/\/aepalizage.iot-d.de\/index.php?rest_route=\/wp\/v2\/pages\/1238"}],"collection":[{"href":"https:\/\/aepalizage.iot-d.de\/index.php?rest_route=\/wp\/v2\/pages"}],"about":[{"href":"https:\/\/aepalizage.iot-d.de\/index.php?rest_route=\/wp\/v2\/types\/page"}],"author":[{"embeddable":true,"href":"https:\/\/aepalizage.iot-d.de\/index.php?rest_route=\/wp\/v2\/users\/2"}],"replies":[{"embeddable":true,"href":"https:\/\/aepalizage.iot-d.de\/index.php?rest_route=%2Fwp%2Fv2%2Fcomments&post=1238"}],"version-history":[{"count":9,"href":"https:\/\/aepalizage.iot-d.de\/index.php?rest_route=\/wp\/v2\/pages\/1238\/revisions"}],"predecessor-version":[{"id":2358,"href":"https:\/\/aepalizage.iot-d.de\/index.php?rest_route=\/wp\/v2\/pages\/1238\/revisions\/2358"}],"up":[{"embeddable":true,"href":"https:\/\/aepalizage.iot-d.de\/index.php?rest_route=\/wp\/v2\/pages\/78"}],"wp:attachment":[{"href":"https:\/\/aepalizage.iot-d.de\/index.php?rest_route=%2Fwp%2Fv2%2Fmedia&parent=1238"}],"curies":[{"name":"wp","href":"https:\/\/api.w.org\/{rel}","templated":true}]}}