{"id":156,"date":"2022-06-02T08:48:51","date_gmt":"2022-06-02T08:48:51","guid":{"rendered":"https:\/\/aepalizage.iot-d.de\/?page_id=156"},"modified":"2026-01-29T10:48:08","modified_gmt":"2026-01-29T10:48:08","slug":"liber-kaos","status":"publish","type":"page","link":"https:\/\/aepalizage.iot-d.de\/?page_id=156","title":{"rendered":"Liber Kaos"},"content":{"rendered":"\n<div style=\"height:25px\" aria-hidden=\"true\" class=\"wp-block-spacer\"><\/div>\n\n\n\n<h2 class=\"wp-block-heading has-text-align-center has-x-large-font-size\" style=\"font-style:normal;font-weight:200\">LIBER KAOS<\/h2>\n\n\n\n<div style=\"height:46px\" aria-hidden=\"true\" class=\"wp-block-spacer\"><\/div>\n\n\n\n<figure class=\"wp-block-image aligncenter size-full is-resized\"><img loading=\"lazy\" decoding=\"async\" width=\"266\" height=\"371\" src=\"https:\/\/aepalizage.iot-d.de\/wp-content\/uploads\/2022\/06\/Liber-Kaos.jpg\" alt=\"\" class=\"wp-image-157\" style=\"width:354px;height:auto\" srcset=\"https:\/\/aepalizage.iot-d.de\/wp-content\/uploads\/2022\/06\/Liber-Kaos.jpg 266w, https:\/\/aepalizage.iot-d.de\/wp-content\/uploads\/2022\/06\/Liber-Kaos-215x300.jpg 215w\" sizes=\"(max-width: 266px) 100vw, 266px\" \/><\/figure>\n\n\n\n<p>Nach &#8222;Liber Null und Psychonatuik&#8220; richtet sich Peter Carroll mit &#8222;Liber Kaos&#8220; an den bereits etwas erfahreneren Magier. Er beschreibt hier fortgeschrittene Techniken und \u00dcbungen, die man quasi als eine logische Fortsetzung von &#8222;Liber Null&#8220; bezeichnen k\u00f6nnte. <\/p>\n\n\n\n<p>Besonders interessant ist der Abschnitt &#8222;Liber KKK&#8220; (steht f\u00fcr &#8222;Kaos Keraunos Kybernetos&#8220; &#8211; &#8222;der Kaosdonnerkeil durchdringt alle Dinge&#8220;), einem umfangreichen Trainingsprogramm, das den Praktizierenden durch verschiedene magische Disziplinen f\u00fchrt, die sich jeweils in unterschiedliche Teilaspekte, bzw. Kategorien gliedern. Dieses Trainingsprogramm ist zeit- und arbeitsintensiv, aber nach Meinung vieler Magier daf\u00fcr auch ser effektiv und reich an Erkenntnissen. <\/p>\n\n\n\n<p>Nicht weniger spannend sind Carrolls Abhandlungen \u00fcber die acht Farben der Magie. Jeder der acht Strahlen des Chaossterns kann einer magischen Farbe und somit auch einem magischen Themenbereich zugeordnet werden. Eine solche Einteilung kann helfen, die eigene Magie besser nachzuvollziehen und zu strukturieren. <\/p>\n\n\n\n<p>Nicht zuletzt befindet sich im Anhang von &#8222;Liber Kaos&#8220; das sogenannte &#8222;Liber Pactionis&#8220;. Dieser Abschnitt ist ein Vorg\u00e4nger von &#8222;Die Geheimnisse der Illuminaten von Thanateros&#8220;, eine Art Pakt-Manifest, das auf der Homepage der deutschen I.O.T.-Sektion heruntergeladen werden kann.<\/p>\n\n\n\n<p>Alles in allem ist dieses Buch also sowohl aus praktisch-chaosmagischer Sicht, als auch aus historischer Sicht auf den Pakt bezogen eine spannende Lekt\u00fcre.<\/p>\n\n\n\n<div style=\"height:54px\" aria-hidden=\"true\" class=\"wp-block-spacer\"><\/div>\n\n\n\n<div class=\"wp-block-buttons is-content-justification-center is-layout-flex wp-container-core-buttons-layout-1 wp-block-buttons-is-layout-flex\">\n<div class=\"wp-block-button is-style-outline\"><a class=\"wp-block-button__link has-foreground-background-color has-background wp-element-button\" href=\"https:\/\/aepalizage.iot-d.de\/?page_id=78\" style=\"border-width:1px\">zur\u00fcck<\/a><\/div>\n<\/div>\n","protected":false},"excerpt":{"rendered":"<p>LIBER KAOS Nach &#8222;Liber Null und Psychonatuik&#8220; richtet sich Peter Carroll mit &#8222;Liber Kaos&#8220; an den bereits etwas erfahreneren Magier. Er beschreibt hier fortgeschrittene Techniken und \u00dcbungen, die man quasi als eine logische Fortsetzung von &#8222;Liber Null&#8220; bezeichnen k\u00f6nnte. Besonders interessant ist der Abschnitt &#8222;Liber KKK&#8220; (steht f\u00fcr &#8222;Kaos Keraunos Kybernetos&#8220; &#8211; &#8222;der Kaosdonnerkeil durchdringt [&hellip;]<\/p>\n","protected":false},"author":2,"featured_media":0,"parent":78,"menu_order":2,"comment_status":"closed","ping_status":"closed","template":"","meta":{"footnotes":""},"_links":{"self":[{"href":"https:\/\/aepalizage.iot-d.de\/index.php?rest_route=\/wp\/v2\/pages\/156"}],"collection":[{"href":"https:\/\/aepalizage.iot-d.de\/index.php?rest_route=\/wp\/v2\/pages"}],"about":[{"href":"https:\/\/aepalizage.iot-d.de\/index.php?rest_route=\/wp\/v2\/types\/page"}],"author":[{"embeddable":true,"href":"https:\/\/aepalizage.iot-d.de\/index.php?rest_route=\/wp\/v2\/users\/2"}],"replies":[{"embeddable":true,"href":"https:\/\/aepalizage.iot-d.de\/index.php?rest_route=%2Fwp%2Fv2%2Fcomments&post=156"}],"version-history":[{"count":12,"href":"https:\/\/aepalizage.iot-d.de\/index.php?rest_route=\/wp\/v2\/pages\/156\/revisions"}],"predecessor-version":[{"id":2356,"href":"https:\/\/aepalizage.iot-d.de\/index.php?rest_route=\/wp\/v2\/pages\/156\/revisions\/2356"}],"up":[{"embeddable":true,"href":"https:\/\/aepalizage.iot-d.de\/index.php?rest_route=\/wp\/v2\/pages\/78"}],"wp:attachment":[{"href":"https:\/\/aepalizage.iot-d.de\/index.php?rest_route=%2Fwp%2Fv2%2Fmedia&parent=156"}],"curies":[{"name":"wp","href":"https:\/\/api.w.org\/{rel}","templated":true}]}}