{"id":2,"date":"2022-05-30T12:34:30","date_gmt":"2022-05-30T12:34:30","guid":{"rendered":"https:\/\/aepalizage.iot-d.de\/?page_id=2"},"modified":"2026-02-26T10:18:48","modified_gmt":"2026-02-26T10:18:48","slug":"sample-page","status":"publish","type":"page","link":"https:\/\/aepalizage.iot-d.de\/","title":{"rendered":"Startseite"},"content":{"rendered":"\n<div style=\"height:11px\" aria-hidden=\"true\" class=\"wp-block-spacer\"><\/div>\n\n\n\n<p class=\"has-text-align-center has-background-color has-text-color has-link-color has-large-font-size wp-elements-7c5a4c3e2338253e440d44283934385e\" style=\"font-style:normal;font-weight:100\">WILLKOMMEN<\/p>\n\n\n\n<div style=\"height:12px\" aria-hidden=\"true\" class=\"wp-block-spacer\"><\/div>\n\n\n\n<div style=\"height:25px\" aria-hidden=\"true\" class=\"wp-block-spacer\"><\/div>\n\n\n\n<figure class=\"wp-block-image aligncenter size-large is-resized has-custom-border is-style-default\"><img loading=\"lazy\" decoding=\"async\" width=\"1024\" height=\"464\" src=\"https:\/\/aepalizage.iot-d.de\/wp-content\/uploads\/2026\/01\/photo_2021-11-04_20-44-09-2ee-1024x464.jpg\" alt=\"\" class=\"wp-image-2151\" style=\"border-style:none;border-width:0px;width:625px;height:auto\" srcset=\"https:\/\/aepalizage.iot-d.de\/wp-content\/uploads\/2026\/01\/photo_2021-11-04_20-44-09-2ee-1024x464.jpg 1024w, https:\/\/aepalizage.iot-d.de\/wp-content\/uploads\/2026\/01\/photo_2021-11-04_20-44-09-2ee-300x136.jpg 300w, https:\/\/aepalizage.iot-d.de\/wp-content\/uploads\/2026\/01\/photo_2021-11-04_20-44-09-2ee-768x348.jpg 768w, https:\/\/aepalizage.iot-d.de\/wp-content\/uploads\/2026\/01\/photo_2021-11-04_20-44-09-2ee.jpg 1274w\" sizes=\"(max-width: 1024px) 100vw, 1024px\" \/><\/figure>\n\n\n\n<div style=\"height:12px\" aria-hidden=\"true\" class=\"wp-block-spacer\"><\/div>\n\n\n\n<p class=\"has-text-align-center has-medium-font-size\">Die Autoren dieses Blogs sind Mitglieder der deutschen Sektion IOT, eines internationalen chaosmagischen Pakts. Wir wollen Euch hier an das Thema Chaosmagie heranf\u00fchren, Euch magisch inspirieren und neugierig machen. <\/p>\n\n\n\n<div style=\"height:1px\" aria-hidden=\"true\" class=\"wp-block-spacer\"><\/div>\n\n\n\n<p class=\"has-text-align-center\"><mark style=\"background-color:rgba(0, 0, 0, 0)\" class=\"has-inline-color has-background-color\">Hier kannst Du nach Stichw\u00f6rtern oder Themenbereichen suchen:<\/mark><\/p>\n\n\n\n<div style=\"height:0px\" aria-hidden=\"true\" class=\"wp-block-spacer\"><\/div>\n\n\n<form role=\"search\" method=\"get\" action=\"https:\/\/aepalizage.iot-d.de\/\" class=\"wp-block-search__button-outside wp-block-search__icon-button aligncenter wp-block-search\"    ><label class=\"wp-block-search__label screen-reader-text\" for=\"wp-block-search__input-1\" >Stichwortsuche<\/label><div class=\"wp-block-search__inside-wrapper \"  style=\"width: 489px\"><input class=\"wp-block-search__input has-medium-font-size\" id=\"wp-block-search__input-1\" placeholder=\"\" value=\"\" type=\"search\" name=\"s\" required \/><button aria-label=\"Suchen\" class=\"wp-block-search__button has-background has-medium-font-size has-icon wp-element-button\" type=\"submit\"  style=\"background-color: #257277\"><svg class=\"search-icon\" viewBox=\"0 0 24 24\" width=\"24\" height=\"24\">\n\t\t\t\t\t<path d=\"M13 5c-3.3 0-6 2.7-6 6 0 1.4.5 2.7 1.3 3.7l-3.8 3.8 1.1 1.1 3.8-3.8c1 .8 2.3 1.3 3.7 1.3 3.3 0 6-2.7 6-6S16.3 5 13 5zm0 10.5c-2.5 0-4.5-2-4.5-4.5s2-4.5 4.5-4.5 4.5 2 4.5 4.5-2 4.5-4.5 4.5z\"><\/path>\n\t\t\t\t<\/svg><\/button><\/div><\/form>\n\n\n<div style=\"height:37px\" aria-hidden=\"true\" class=\"wp-block-spacer\"><\/div>\n\n\n\n<p class=\"has-text-align-center has-medium-font-size\" style=\"font-style:normal;font-weight:400\"><mark style=\"background-color:rgba(0, 0, 0, 0)\" class=\"has-inline-color has-background-color\">Und hier findest Du die neuesten Beitr\u00e4ge des Blogs:<\/mark><\/p>\n\n\n\n<div style=\"height:0px\" aria-hidden=\"true\" class=\"wp-block-spacer\"><\/div>\n\n\n\n<div class=\"wp-block-group is-layout-constrained wp-block-group-is-layout-constrained\">\n<div class=\"wp-block-columns is-layout-flex wp-container-core-columns-layout-1 wp-block-columns-is-layout-flex\">\n<div class=\"wp-block-column is-layout-flow wp-block-column-is-layout-flow\" style=\"flex-basis:100%\">\n<div class=\"wp-block-group is-layout-constrained wp-block-group-is-layout-constrained\"><ul class=\"wp-block-latest-posts__list is-grid columns-3 has-dates has-link-color aligncenter has-background has-foreground-background-color wp-block-latest-posts wp-elements-9a083bd5154b7c3e1cd029325f9657e4\"><li><a class=\"wp-block-latest-posts__post-title\" href=\"https:\/\/aepalizage.iot-d.de\/?p=2437\">Das Wort (das die Welt ver\u00e4ndert)<\/a><time datetime=\"2026-03-31T09:41:27+00:00\" class=\"wp-block-latest-posts__post-date\">M\u00e4rz 31, 2026<\/time><div class=\"wp-block-latest-posts__post-excerpt\">von Soror Tanzender Waran Geh in der Verwandlung aus und ein.Was ist deine leidendste Erfahrung?Ist dir Trinken bitter, werde Wein.\u00a0\u2026 <a href=\"https:\/\/aepalizage.iot-d.de\/?p=2437\" rel=\"noopener noreferrer\">Weiterlesen<span class=\"screen-reader-text\">: Das Wort (das die Welt ver\u00e4ndert)<\/span><\/a><\/div><\/li>\n<li><a class=\"wp-block-latest-posts__post-title\" href=\"https:\/\/aepalizage.iot-d.de\/?p=2428\">Das geheime Ritual der gro\u00dfartigen Offenbarung des Geheimnisses<\/a><time datetime=\"2026-03-31T08:25:55+00:00\" class=\"wp-block-latest-posts__post-date\">M\u00e4rz 31, 2026<\/time><div class=\"wp-block-latest-posts__post-excerpt\">von Frater Horios Im Raum steht ein geheimes, verdecktes Artefakt. Dieses muss mit chaotischer Energie geladen werden, damit es sich\u00a0\u2026 <a href=\"https:\/\/aepalizage.iot-d.de\/?p=2428\" rel=\"noopener noreferrer\">Weiterlesen<span class=\"screen-reader-text\">: Das geheime Ritual der gro\u00dfartigen Offenbarung des Geheimnisses<\/span><\/a><\/div><\/li>\n<li><a class=\"wp-block-latest-posts__post-title\" href=\"https:\/\/aepalizage.iot-d.de\/?p=2411\">Operation Pleromische Infusion<\/a><time datetime=\"2026-03-25T14:46:27+00:00\" class=\"wp-block-latest-posts__post-date\">M\u00e4rz 25, 2026<\/time><div class=\"wp-block-latest-posts__post-excerpt\">von Frater Holophanes Paradigma: Remix aus Galaktische F\u00f6deration \/ Sternensaaten, Techgnosis und Gnostizismus Diese Magische Arbeit ist eine Einladung. Sie\u00a0\u2026 <a href=\"https:\/\/aepalizage.iot-d.de\/?p=2411\" rel=\"noopener noreferrer\">Weiterlesen<span class=\"screen-reader-text\">: Operation Pleromische Infusion<\/span><\/a><\/div><\/li>\n<li><a class=\"wp-block-latest-posts__post-title\" href=\"https:\/\/aepalizage.iot-d.de\/?p=2402\">Streitampel<\/a><time datetime=\"2026-03-25T10:12:15+00:00\" class=\"wp-block-latest-posts__post-date\">M\u00e4rz 25, 2026<\/time><div class=\"wp-block-latest-posts__post-excerpt\">von Soror \u00deoka und Frater Fuchs Das Ziel dieser Arbeit ist ein besseres Streiten um die Sache, eine F\u00e4higkeit, die\u00a0\u2026 <a href=\"https:\/\/aepalizage.iot-d.de\/?p=2402\" rel=\"noopener noreferrer\">Weiterlesen<span class=\"screen-reader-text\">: Streitampel<\/span><\/a><\/div><\/li>\n<li><a class=\"wp-block-latest-posts__post-title\" href=\"https:\/\/aepalizage.iot-d.de\/?p=2317\">Chaos People<\/a><time datetime=\"2026-01-28T14:46:56+00:00\" class=\"wp-block-latest-posts__post-date\">Januar 28, 2026<\/time><div class=\"wp-block-latest-posts__post-excerpt\">von Frater Fuchs ein paar Photoshop-Bilder mit Bezug zur Chaosmagie:<\/div><\/li>\n<li><a class=\"wp-block-latest-posts__post-title\" href=\"https:\/\/aepalizage.iot-d.de\/?p=2203\">Vorsicht mit Eurer Gottesfurcht!<\/a><time datetime=\"2026-01-20T08:35:11+00:00\" class=\"wp-block-latest-posts__post-date\">Januar 20, 2026<\/time><div class=\"wp-block-latest-posts__post-excerpt\">von Frater Fuchs Es gibt unter den vielen unterschiedlichen Magierinnen und Magiern auf der Welt sehr viele, die f\u00fcr ihre\u00a0\u2026 <a href=\"https:\/\/aepalizage.iot-d.de\/?p=2203\" rel=\"noopener noreferrer\">Weiterlesen<span class=\"screen-reader-text\">: Vorsicht mit Eurer Gottesfurcht!<\/span><\/a><\/div><\/li>\n<\/ul><\/div>\n<\/div>\n<\/div>\n<\/div>\n\n\n\n<p class=\"has-text-align-center has-foreground-color has-text-color\">\u00b0<\/p>\n","protected":false},"excerpt":{"rendered":"<p>WILLKOMMEN Die Autoren dieses Blogs sind Mitglieder der deutschen Sektion IOT, eines internationalen chaosmagischen Pakts. Wir wollen Euch hier an das Thema Chaosmagie heranf\u00fchren, Euch magisch inspirieren und neugierig machen. Hier kannst Du nach Stichw\u00f6rtern oder Themenbereichen suchen: Und hier findest Du die neuesten Beitr\u00e4ge des Blogs: \u00b0<\/p>\n","protected":false},"author":1,"featured_media":0,"parent":0,"menu_order":0,"comment_status":"closed","ping_status":"open","template":"","meta":{"footnotes":""},"_links":{"self":[{"href":"https:\/\/aepalizage.iot-d.de\/index.php?rest_route=\/wp\/v2\/pages\/2"}],"collection":[{"href":"https:\/\/aepalizage.iot-d.de\/index.php?rest_route=\/wp\/v2\/pages"}],"about":[{"href":"https:\/\/aepalizage.iot-d.de\/index.php?rest_route=\/wp\/v2\/types\/page"}],"author":[{"embeddable":true,"href":"https:\/\/aepalizage.iot-d.de\/index.php?rest_route=\/wp\/v2\/users\/1"}],"replies":[{"embeddable":true,"href":"https:\/\/aepalizage.iot-d.de\/index.php?rest_route=%2Fwp%2Fv2%2Fcomments&post=2"}],"version-history":[{"count":116,"href":"https:\/\/aepalizage.iot-d.de\/index.php?rest_route=\/wp\/v2\/pages\/2\/revisions"}],"predecessor-version":[{"id":2436,"href":"https:\/\/aepalizage.iot-d.de\/index.php?rest_route=\/wp\/v2\/pages\/2\/revisions\/2436"}],"wp:attachment":[{"href":"https:\/\/aepalizage.iot-d.de\/index.php?rest_route=%2Fwp%2Fv2%2Fmedia&parent=2"}],"curies":[{"name":"wp","href":"https:\/\/api.w.org\/{rel}","templated":true}]}}