{"id":373,"date":"2022-06-03T19:40:06","date_gmt":"2022-06-03T19:40:06","guid":{"rendered":"https:\/\/aepalizage.iot-d.de\/?page_id=373"},"modified":"2026-02-03T15:15:39","modified_gmt":"2026-02-03T15:15:39","slug":"bilder","status":"publish","type":"page","link":"https:\/\/aepalizage.iot-d.de\/?page_id=373","title":{"rendered":"BILDER"},"content":{"rendered":"\n<div style=\"height:25px\" aria-hidden=\"true\" class=\"wp-block-spacer\"><\/div>\n\n\n\n<h2 class=\"wp-block-heading has-text-align-center has-background has-system-font-font-family has-large-font-size\" style=\"border-width:1px;background-color:#141414\"><mark style=\"background-color:rgba(0, 0, 0, 0);color:#257277\" class=\"has-inline-color\">BEZAUBERNDE BILDER<\/mark><\/h2>\n\n\n\n<div style=\"height:46px\" aria-hidden=\"true\" class=\"wp-block-spacer\"><\/div>\n\n\n\n<p class=\"has-text-align-center\">Hier findest Du verschiedene Bilder, die sich gut f\u00fcr magische Zwecke benutzen lassen. Zum Teil sind es auch Einblicke in Visionen und Tr\u00e4ume. Oder ist es der Versuch, Magie in Bildersprache auszudr\u00fccken&#8230;?<\/p>\n\n\n\n<div style=\"height:46px\" aria-hidden=\"true\" class=\"wp-block-spacer\"><\/div>\n\n\n\n<div class=\"wp-block-buttons alignwide is-content-justification-center is-layout-flex wp-container-core-buttons-layout-1 wp-block-buttons-is-layout-flex\">\n<div class=\"wp-block-button has-custom-width wp-block-button__width-50\"><a class=\"wp-block-button__link has-foreground-background-color has-background wp-element-button\" href=\"https:\/\/aepalizage.iot-d.de\/?p=2317\" style=\"border-width:1px\">Chaos Peoploe von Frater Fuchs<br>(28.01.2026)<\/a><\/div>\n\n\n\n<div class=\"wp-block-button has-custom-width wp-block-button__width-50 is-style-outline\"><a class=\"wp-block-button__link has-foreground-background-color has-background wp-element-button\" href=\"https:\/\/aepalizage.iot-d.de\/?p=855\" style=\"border-width:1px\">Bilder von Frater Neolee<br>(25.06.2023)<\/a><\/div>\n\n\n\n<div class=\"wp-block-button has-custom-width wp-block-button__width-50 is-style-outline\"><a class=\"wp-block-button__link has-foreground-background-color has-background wp-element-button\" href=\"https:\/\/aepalizage.iot-d.de\/?p=524\" style=\"border-width:1px\">Baphomet-Ambigramm<br>(04.06.2022)<\/a><\/div>\n\n\n\n<div class=\"wp-block-button has-custom-width wp-block-button__width-50\"><a class=\"wp-block-button__link has-foreground-background-color has-background wp-element-button\" href=\"https:\/\/aepalizage.iot-d.de\/?p=256\" style=\"border-width:1px\">Hand Signals<br>(03.06.2022)<\/a><\/div>\n\n\n\n<div class=\"wp-block-button has-custom-width wp-block-button__width-50\"><a class=\"wp-block-button__link has-foreground-background-color has-background wp-element-button\" href=\"https:\/\/aepalizage.iot-d.de\/?p=230\" style=\"border-width:1px\">Bilder von KEN<br>(03.06.2022)<\/a><\/div>\n\n\n\n<div class=\"wp-block-button has-custom-width wp-block-button__width-50\"><a class=\"wp-block-button__link has-foreground-background-color has-background wp-element-button\" href=\"https:\/\/aepalizage.iot-d.de\/?p=194\" style=\"border-width:1px\">Drache in Chaosph\u00e4re<br>(02.06.2022)<\/a><\/div>\n\n\n\n<div class=\"wp-block-button has-custom-width wp-block-button__width-50\"><a class=\"wp-block-button__link has-foreground-background-color has-background wp-element-button\" href=\"https:\/\/aepalizage.iot-d.de\/?p=199\" style=\"border-width:1px\">Bilder von Sean Cundy<br>(02.06.2022)<\/a><\/div>\n<\/div>\n\n\n\n<div style=\"height:65px\" aria-hidden=\"true\" class=\"wp-block-spacer\"><\/div>\n\n\n\n<div class=\"wp-block-buttons is-content-justification-center is-layout-flex wp-container-core-buttons-layout-2 wp-block-buttons-is-layout-flex\">\n<div class=\"wp-block-button is-style-outline\"><a class=\"wp-block-button__link has-foreground-background-color has-background wp-element-button\" href=\"https:\/\/aepalizage.iot-d.de\/?page_id=74\" style=\"border-width:1px\">zur\u00fcck<\/a><\/div>\n<\/div>\n","protected":false},"excerpt":{"rendered":"<p>BEZAUBERNDE BILDER Hier findest Du verschiedene Bilder, die sich gut f\u00fcr magische Zwecke benutzen lassen. Zum Teil sind es auch Einblicke in Visionen und Tr\u00e4ume. Oder ist es der Versuch, Magie in Bildersprache auszudr\u00fccken&#8230;?<\/p>\n","protected":false},"author":2,"featured_media":0,"parent":74,"menu_order":4,"comment_status":"closed","ping_status":"closed","template":"","meta":{"footnotes":""},"_links":{"self":[{"href":"https:\/\/aepalizage.iot-d.de\/index.php?rest_route=\/wp\/v2\/pages\/373"}],"collection":[{"href":"https:\/\/aepalizage.iot-d.de\/index.php?rest_route=\/wp\/v2\/pages"}],"about":[{"href":"https:\/\/aepalizage.iot-d.de\/index.php?rest_route=\/wp\/v2\/types\/page"}],"author":[{"embeddable":true,"href":"https:\/\/aepalizage.iot-d.de\/index.php?rest_route=\/wp\/v2\/users\/2"}],"replies":[{"embeddable":true,"href":"https:\/\/aepalizage.iot-d.de\/index.php?rest_route=%2Fwp%2Fv2%2Fcomments&post=373"}],"version-history":[{"count":32,"href":"https:\/\/aepalizage.iot-d.de\/index.php?rest_route=\/wp\/v2\/pages\/373\/revisions"}],"predecessor-version":[{"id":2372,"href":"https:\/\/aepalizage.iot-d.de\/index.php?rest_route=\/wp\/v2\/pages\/373\/revisions\/2372"}],"up":[{"embeddable":true,"href":"https:\/\/aepalizage.iot-d.de\/index.php?rest_route=\/wp\/v2\/pages\/74"}],"wp:attachment":[{"href":"https:\/\/aepalizage.iot-d.de\/index.php?rest_route=%2Fwp%2Fv2%2Fmedia&parent=373"}],"curies":[{"name":"wp","href":"https:\/\/api.w.org\/{rel}","templated":true}]}}