{"id":71,"date":"2022-05-31T23:41:27","date_gmt":"2022-05-31T23:41:27","guid":{"rendered":"https:\/\/aepalizage.iot-d.de\/?page_id=71"},"modified":"2026-01-28T07:20:04","modified_gmt":"2026-01-28T07:20:04","slug":"wer-sind-wir","status":"publish","type":"page","link":"https:\/\/aepalizage.iot-d.de\/?page_id=71","title":{"rendered":"WER SIND WIR?"},"content":{"rendered":"\n<div style=\"height:25px\" aria-hidden=\"true\" class=\"wp-block-spacer\"><\/div>\n\n\n\n<h2 class=\"wp-block-heading has-text-align-center has-background has-system-font-font-family has-large-font-size\" style=\"border-width:1px;background-color:#141414\"><mark style=\"background-color:rgba(0, 0, 0, 0);color:#257277\" class=\"has-inline-color\">WER SIND WIR?<\/mark><\/h2>\n\n\n\n<div style=\"height:46px\" aria-hidden=\"true\" class=\"wp-block-spacer\"><\/div>\n\n\n\n<p class=\"has-text-align-center\">Wir, das Team der Autoren dieses Blogs, sind Mitglieder und Novizen des IOT &#8211; kurz f\u00fcr &#8222;der Magische Pakt der Illuminaten von Thanateros&#8220;. Wir sind eine chaosmagische Gemeinschaft, die sich entschlossen hat, mit AEPALIZAGE eine M\u00f6glichkeit zu schaffen, etwas tiefer in unsere Arbeitsweisen und unsere magischen Weltbilder zu schauen. Auf diesem Blog m\u00f6chten wir verschiedene Rituale und magische Techniken vorstellen und Euch Leser dazu ermutigen, selbst auszuprobieren, ob und wie die vorgestellten Methoden f\u00fcr Euch funktionieren. <\/p>\n\n\n\n<p class=\"has-text-align-center\">Au\u00dferdem m\u00f6chten wir hier auf ein paar theoretische Themen n\u00e4her eingehen, wof\u00fcr uns auf unserer offiziellen Homepage (<a href=\"https:\/\/iot-d.de\/\" target=\"_blank\" rel=\"noreferrer noopener\"><strong><mark style=\"background-color:rgba(0, 0, 0, 0)\" class=\"has-inline-color has-background-color\">LINK<\/mark><\/strong><\/a>) schlichtweg der Platz fehlt. Hier k\u00f6nnen wir hingegen \u00fcber theoretische und praktische Themen in Artikeln fachsimpeln, so lange wir wollen.<\/p>\n\n\n\n<p class=\"has-text-align-center\">Nicht zuletzt gibt es hier auch Bilder, f\u00fcr magische Nutzung und Inspiration. <\/p>\n\n\n\n<p class=\"has-text-align-center\">Wir w\u00fcnschen Euch bei der Erkundung dieses Blogs viel Spa\u00df!<\/p>\n\n\n\n<div style=\"height:44px\" aria-hidden=\"true\" class=\"wp-block-spacer\"><\/div>\n\n\n\n<p class=\"has-text-align-center\">In Verfolgung des gro\u00dfen Werkes der Magie: CHOYOFAQUE!<\/p>\n\n\n\n<div style=\"height:32px\" aria-hidden=\"true\" class=\"wp-block-spacer\"><\/div>\n\n\n\n<figure class=\"wp-block-image aligncenter size-full is-resized\"><img loading=\"lazy\" decoding=\"async\" width=\"455\" height=\"441\" src=\"https:\/\/aepalizage.iot-d.de\/wp-content\/uploads\/2025\/04\/Chaosstern-13.jpg\" alt=\"\" class=\"wp-image-1340\" style=\"width:39px;height:auto\" srcset=\"https:\/\/aepalizage.iot-d.de\/wp-content\/uploads\/2025\/04\/Chaosstern-13.jpg 455w, https:\/\/aepalizage.iot-d.de\/wp-content\/uploads\/2025\/04\/Chaosstern-13-300x291.jpg 300w\" sizes=\"(max-width: 455px) 100vw, 455px\" \/><\/figure>\n\n\n\n<div style=\"height:48px\" aria-hidden=\"true\" class=\"wp-block-spacer\"><\/div>\n\n\n\n<div class=\"wp-block-buttons is-content-justification-center is-layout-flex wp-container-core-buttons-layout-1 wp-block-buttons-is-layout-flex\">\n<div class=\"wp-block-button is-style-outline\"><a class=\"wp-block-button__link has-foreground-background-color has-background wp-element-button\" href=\"https:\/\/aepalizage.iot-d.de\/\" style=\"border-width:1px\">zur\u00fcck<\/a><\/div>\n<\/div>\n\n\n\n<p class=\"has-text-align-center has-foreground-color has-text-color\">\u00b0<\/p>\n","protected":false},"excerpt":{"rendered":"<p>WER SIND WIR? Wir, das Team der Autoren dieses Blogs, sind Mitglieder und Novizen des IOT &#8211; kurz f\u00fcr &#8222;der Magische Pakt der Illuminaten von Thanateros&#8220;. Wir sind eine chaosmagische Gemeinschaft, die sich entschlossen hat, mit AEPALIZAGE eine M\u00f6glichkeit zu schaffen, etwas tiefer in unsere Arbeitsweisen und unsere magischen Weltbilder zu schauen. Auf diesem Blog [&hellip;]<\/p>\n","protected":false},"author":2,"featured_media":0,"parent":0,"menu_order":0,"comment_status":"closed","ping_status":"closed","template":"","meta":{"footnotes":""},"_links":{"self":[{"href":"https:\/\/aepalizage.iot-d.de\/index.php?rest_route=\/wp\/v2\/pages\/71"}],"collection":[{"href":"https:\/\/aepalizage.iot-d.de\/index.php?rest_route=\/wp\/v2\/pages"}],"about":[{"href":"https:\/\/aepalizage.iot-d.de\/index.php?rest_route=\/wp\/v2\/types\/page"}],"author":[{"embeddable":true,"href":"https:\/\/aepalizage.iot-d.de\/index.php?rest_route=\/wp\/v2\/users\/2"}],"replies":[{"embeddable":true,"href":"https:\/\/aepalizage.iot-d.de\/index.php?rest_route=%2Fwp%2Fv2%2Fcomments&post=71"}],"version-history":[{"count":27,"href":"https:\/\/aepalizage.iot-d.de\/index.php?rest_route=\/wp\/v2\/pages\/71\/revisions"}],"predecessor-version":[{"id":2316,"href":"https:\/\/aepalizage.iot-d.de\/index.php?rest_route=\/wp\/v2\/pages\/71\/revisions\/2316"}],"wp:attachment":[{"href":"https:\/\/aepalizage.iot-d.de\/index.php?rest_route=%2Fwp%2Fv2%2Fmedia&parent=71"}],"curies":[{"name":"wp","href":"https:\/\/api.w.org\/{rel}","templated":true}]}}