{"id":76,"date":"2022-05-31T23:45:15","date_gmt":"2022-05-31T23:45:15","guid":{"rendered":"https:\/\/aepalizage.iot-d.de\/?page_id=76"},"modified":"2026-04-27T07:15:54","modified_gmt":"2026-04-27T07:15:54","slug":"ankuendigungen","status":"publish","type":"page","link":"https:\/\/aepalizage.iot-d.de\/?page_id=76","title":{"rendered":"EVENTS &#038; UPDATES"},"content":{"rendered":"\n<div style=\"height:25px\" aria-hidden=\"true\" class=\"wp-block-spacer\"><\/div>\n\n\n\n<h2 class=\"wp-block-heading has-text-align-center has-background has-system-font-font-family has-large-font-size\" style=\"border-width:1px;background-color:#141414\"><mark style=\"background-color:rgba(0, 0, 0, 0);color:#257277\" class=\"has-inline-color\">EVENTS &amp; UPDATES<\/mark><\/h2>\n\n\n\n<div style=\"height:46px\" aria-hidden=\"true\" class=\"wp-block-spacer\"><\/div>\n\n\n\n<p class=\"has-text-align-center\">Hier findet Ihr Neuigkeiten und Updates, sowie Informationen \u00fcber kommende interessante magische Events.<\/p>\n\n\n\n<div style=\"height:33px\" aria-hidden=\"true\" class=\"wp-block-spacer\"><\/div>\n\n\n\n<div class=\"wp-block-columns has-foreground-background-color has-background is-layout-flex wp-container-core-columns-layout-1 wp-block-columns-is-layout-flex\" style=\"border-style:none;border-width:0px;border-radius:0px;margin-top:0;margin-bottom:0;padding-top:0;padding-right:0;padding-bottom:0;padding-left:0\">\n<div class=\"wp-block-column has-text-color has-small-font-size is-layout-flow wp-block-column-is-layout-flow\" style=\"border-width:1px;color:#ebebeb;padding-top:0;padding-right:var(--wp--preset--spacing--30);padding-bottom:0;padding-left:var(--wp--preset--spacing--20)\">\n<div style=\"height:14px\" aria-hidden=\"true\" class=\"wp-block-spacer\"><\/div>\n\n\n\n<h2 class=\"wp-block-heading has-text-align-center has-background-color has-text-color has-link-color has-large-font-size wp-elements-8172829f5c608d67c2159743fd23be89\">EVENTS<\/h2>\n\n\n\n<div style=\"height:14px\" aria-hidden=\"true\" class=\"wp-block-spacer\"><\/div>\n\n\n\n<ul>\n<li class=\"has-small-font-size\"><mark style=\"background-color:rgba(0, 0, 0, 0)\" class=\"has-inline-color has-background-color\">Frater Fuchs bietet regelm\u00e4\u00dfig <\/mark><mark style=\"background-color:rgba(0, 0, 0, 0);color:#257277\" class=\"has-inline-color\"><strong>kostenloses Kartenlegen<\/strong><\/mark><mark style=\"background-color:rgba(0, 0, 0, 0)\" class=\"has-inline-color has-background-color\"> in einem Hexenladen<\/mark><mark style=\"background-color:rgba(0, 0, 0, 0);color:#257277\" class=\"has-inline-color\"><strong> <\/strong><\/mark><mark style=\"background-color:rgba(0, 0, 0, 0)\" class=\"has-inline-color has-background-color\">in Leipzig<\/mark><mark style=\"background-color:rgba(0, 0, 0, 0);color:#f3f040\" class=\"has-inline-color\"><strong> <\/strong><\/mark><mark style=\"background-color:rgba(0, 0, 0, 0)\" class=\"has-inline-color has-background-color\">an. <br>Der n\u00e4chste Termin<\/mark><mark style=\"background-color:rgba(0, 0, 0, 0);color:#f3f040\" class=\"has-inline-color\">: <\/mark><br><strong><mark style=\"background-color:rgba(0, 0, 0, 0);color:#257277\" class=\"has-inline-color\">09. Mai 2026 <\/mark><\/strong><br><strong><mark style=\"background-color:rgba(0, 0, 0, 0);color:#257277\" class=\"has-inline-color\">10:00 Uhr bis ~15:00<\/mark><\/strong><mark style=\"background-color:rgba(0, 0, 0, 0);color:#f3f040\" class=\"has-inline-color\"><strong> <\/strong><\/mark><strong><mark style=\"background-color:rgba(0, 0, 0, 0);color:#257277\" class=\"has-inline-color\">Uhr<\/mark><\/strong><mark style=\"background-color:rgba(0, 0, 0, 0);color:#969696\" class=\"has-inline-color\"><br><\/mark><mark style=\"background-color:rgba(0, 0, 0, 0)\" class=\"has-inline-color has-background-color\">Der Laden hei\u00dft:<br><\/mark><strong><mark style=\"background-color:rgba(0, 0, 0, 0);color:#257277\" class=\"has-inline-color\">My Magic Design<\/mark><mark style=\"background-color:rgba(0, 0, 0, 0);color:#f3f040\" class=\"has-inline-color\"><br><\/mark><\/strong>Wolfgang-Heinze-Stra\u00dfe 9<br>04277 Leipzig<\/li>\n<\/ul>\n\n\n\n<div class=\"wp-block-buttons is-content-justification-center is-layout-flex wp-container-core-buttons-layout-1 wp-block-buttons-is-layout-flex\">\n<div class=\"wp-block-button is-style-outline\"><a class=\"wp-block-button__link wp-element-button\" href=\"https:\/\/www.mymagicdesign.com\" style=\"border-width:1px\" target=\"_blank\" rel=\"noreferrer noopener\">Link zur Homepage<\/a><\/div>\n<\/div>\n\n\n\n<div style=\"height:24px\" aria-hidden=\"true\" class=\"wp-block-spacer\"><\/div>\n\n\n\n<ul>\n<li class=\"has-small-font-size\">D<mark style=\"background-color:rgba(0, 0, 0, 0)\" class=\"has-inline-color has-background-color\">ie deutsche Sektion des IOT veranstaltet jedes Jahr zwei <\/mark><strong><mark style=\"background-color:rgba(0, 0, 0, 0);color:#257277\" class=\"has-inline-color\">\u00f6ffentliche Seminare<\/mark><\/strong><mark style=\"background-color:rgba(0, 0, 0, 0)\" class=\"has-inline-color has-background-color\">, auf denen Ihr Euch einen Eindruck davon verschaffen k\u00f6nnt, wer wir sind und wie wir Magie praktizieren. <\/mark><br><mark style=\"background-color:rgba(0, 0, 0, 0)\" class=\"has-inline-color has-background-color\">Der n\u00e4chste Termin ist im Fr\u00fchsommer: <\/mark><br><strong><mark style=\"background-color:rgba(0, 0, 0, 0);color:#257277\" class=\"has-inline-color\">29. bis 31. Mai 2026<\/mark><\/strong><mark style=\"background-color:rgba(0, 0, 0, 0)\" class=\"has-inline-color has-background-color\"> <\/mark><br><mark style=\"background-color:rgba(0, 0, 0, 0)\" class=\"has-inline-color has-background-color\">Alle weiteren Details (Kosten und Anmeldung) findet Ihr auf dem Flyer, den Ihr Euch hier anschauen k\u00f6nnt. Der genaue Veranstaltungsort wird Euch erst nach der Anmeldung mitgeteilt.<\/mark><br><strong><mark style=\"background-color:rgba(0, 0, 0, 0);color:#f60909\" class=\"has-inline-color\">HINWEIS: das Seminar ist ausgebucht! <\/mark><\/strong><\/li>\n<\/ul>\n\n\n\n<div class=\"wp-block-buttons is-content-justification-center is-layout-flex wp-container-core-buttons-layout-2 wp-block-buttons-is-layout-flex\">\n<div class=\"wp-block-button is-style-outline\"><a class=\"wp-block-button__link wp-element-button\" href=\"http:\/\/Homepage vom Hexenladen\" style=\"border-width:1px\" target=\"_blank\" rel=\"noreferrer noopener\">Flyer Mai 2026<\/a><\/div>\n<\/div>\n\n\n\n<div style=\"height:6px\" aria-hidden=\"true\" class=\"wp-block-spacer\"><\/div>\n<\/div>\n\n\n\n<div class=\"wp-block-column has-text-color is-layout-flow wp-block-column-is-layout-flow\" style=\"border-width:1px;color:#ebebeb;padding-right:var(--wp--preset--spacing--30);padding-left:var(--wp--preset--spacing--20)\">\n<div style=\"height:14px\" aria-hidden=\"true\" class=\"wp-block-spacer\"><\/div>\n\n\n\n<h2 class=\"wp-block-heading has-text-align-center has-background-color has-text-color has-link-color has-large-font-size wp-elements-0b1aed8247ba173321fc72af7d5307a7\">UPDATES<\/h2>\n\n\n\n<div style=\"height:14px\" aria-hidden=\"true\" class=\"wp-block-spacer\"><\/div>\n\n\n\n<ul>\n<li><strong><mark style=\"background-color:rgba(0, 0, 0, 0);color:#257277\" class=\"has-inline-color\">13.02.2026<\/mark><br><\/strong>Wir haben seit heute in unseren Beitr\u00e4gen die M\u00f6glichkeit freigeschaltet, Kommentare zu hinterlassen. Vielleicht hast Du ja Fragen oder Anmerkungen, die Du mitteilen m\u00f6chtest?<\/li>\n<\/ul>\n\n\n\n<div style=\"height:24px\" aria-hidden=\"true\" class=\"wp-block-spacer\"><\/div>\n\n\n\n<ul>\n<li><strong><mark style=\"background-color:rgba(0, 0, 0, 0);color:#257277\" class=\"has-inline-color\">16.01.2026<\/mark><\/strong><br>Es gab in den letzten Wochen ein paar Updates. Der Blog hat jetzt an einigen Stellen einen etwas anderen Look bekommen. <br>Und unsere Beitr\u00e4ge sind au\u00dferdem in der jeweiligen Kategorie mit dem Erscheinungsdatum versehen worden und chronologisch angeordnet.<\/li>\n<\/ul>\n\n\n\n<div style=\"height:24px\" aria-hidden=\"true\" class=\"wp-block-spacer\"><\/div>\n\n\n\n<ul>\n<li class=\"has-small-font-size\"><strong><mark style=\"background-color:rgba(0, 0, 0, 0);color:#257277\" class=\"has-inline-color\">10.01.2026<\/mark><\/strong><br>Mit der Erlaubnis der jeweiligen Autoren wurden einige Artikel vom Blog der britischen IOT-Sektion \u00fcbersetzt und hier auf AEPALIZAGE geteilt. In den Artikeln geht es unter anderem um die Thematik der Priesterschaft des Chaos bei uns im IOT.<\/li>\n<\/ul>\n\n\n\n<div style=\"height:24px\" aria-hidden=\"true\" class=\"wp-block-spacer\"><\/div>\n<\/div>\n<\/div>\n\n\n\n<div style=\"height:72px\" aria-hidden=\"true\" class=\"wp-block-spacer\"><\/div>\n\n\n\n<div class=\"wp-block-buttons is-content-justification-center is-layout-flex wp-container-core-buttons-layout-3 wp-block-buttons-is-layout-flex\">\n<div class=\"wp-block-button is-style-outline\"><a class=\"wp-block-button__link has-foreground-background-color has-background wp-element-button\" href=\"https:\/\/aepalizage.iot-d.de\/\" style=\"border-width:1px\">zur\u00fcck<\/a><\/div>\n<\/div>\n","protected":false},"excerpt":{"rendered":"<p>EVENTS &amp; UPDATES Hier findet Ihr Neuigkeiten und Updates, sowie Informationen \u00fcber kommende interessante magische Events. EVENTS UPDATES<\/p>\n","protected":false},"author":2,"featured_media":0,"parent":0,"menu_order":0,"comment_status":"closed","ping_status":"closed","template":"","meta":{"footnotes":""},"_links":{"self":[{"href":"https:\/\/aepalizage.iot-d.de\/index.php?rest_route=\/wp\/v2\/pages\/76"}],"collection":[{"href":"https:\/\/aepalizage.iot-d.de\/index.php?rest_route=\/wp\/v2\/pages"}],"about":[{"href":"https:\/\/aepalizage.iot-d.de\/index.php?rest_route=\/wp\/v2\/types\/page"}],"author":[{"embeddable":true,"href":"https:\/\/aepalizage.iot-d.de\/index.php?rest_route=\/wp\/v2\/users\/2"}],"replies":[{"embeddable":true,"href":"https:\/\/aepalizage.iot-d.de\/index.php?rest_route=%2Fwp%2Fv2%2Fcomments&post=76"}],"version-history":[{"count":236,"href":"https:\/\/aepalizage.iot-d.de\/index.php?rest_route=\/wp\/v2\/pages\/76\/revisions"}],"predecessor-version":[{"id":2452,"href":"https:\/\/aepalizage.iot-d.de\/index.php?rest_route=\/wp\/v2\/pages\/76\/revisions\/2452"}],"wp:attachment":[{"href":"https:\/\/aepalizage.iot-d.de\/index.php?rest_route=%2Fwp%2Fv2%2Fmedia&parent=76"}],"curies":[{"name":"wp","href":"https:\/\/api.w.org\/{rel}","templated":true}]}}