{"id":78,"date":"2022-05-31T23:49:09","date_gmt":"2022-05-31T23:49:09","guid":{"rendered":"https:\/\/aepalizage.iot-d.de\/?page_id=78"},"modified":"2026-01-30T07:27:30","modified_gmt":"2026-01-30T07:27:30","slug":"buchempfehlungen","status":"publish","type":"page","link":"https:\/\/aepalizage.iot-d.de\/?page_id=78","title":{"rendered":"BUCHEMPFEHLUNGEN"},"content":{"rendered":"\n<div style=\"height:25px\" aria-hidden=\"true\" class=\"wp-block-spacer\"><\/div>\n\n\n\n<h2 class=\"wp-block-heading has-text-align-center has-background has-system-font-font-family has-large-font-size\" style=\"border-width:1px;background-color:#141414\"><mark style=\"background-color:rgba(0, 0, 0, 0);color:#257277\" class=\"has-inline-color\">EMPFEHLUNGEN F\u00dcR MAGISCHE LITERATUR<\/mark><\/h2>\n\n\n\n<div style=\"height:46px\" aria-hidden=\"true\" class=\"wp-block-spacer\"><\/div>\n\n\n\n<p class=\"has-text-align-center\">Es gibt eine ganze Menge (chaos-)magischer Literatur. Da kann man ziemlich schnell den \u00dcberblick verlieren. Wir wollen Dir hier ein paar B\u00fccher vorstellen, die wir im Zusammenhang mit Chaosmagie als n\u00fctzlich oder interessant empfinden:<\/p>\n\n\n\n<div style=\"height:16px\" aria-hidden=\"true\" class=\"wp-block-spacer\"><\/div>\n\n\n\n<div class=\"wp-block-buttons is-content-justification-center is-layout-flex wp-container-core-buttons-layout-1 wp-block-buttons-is-layout-flex\">\n<div class=\"wp-block-button has-custom-width wp-block-button__width-75 is-style-outline\"><a class=\"wp-block-button__link has-foreground-background-color has-background wp-element-button\" href=\"https:\/\/aepalizage.iot-d.de\/?page_id=150\" style=\"border-width:1px\">Peter James Carroll &#8211; Liber Null und Psychonautik<\/a><\/div>\n\n\n\n<div class=\"wp-block-button has-custom-width wp-block-button__width-75 is-style-outline\"><a class=\"wp-block-button__link has-foreground-background-color has-background wp-element-button\" href=\"https:\/\/aepalizage.iot-d.de\/?page_id=156\" style=\"border-width:1px\">Peter James Carroll &#8211; Liber Kaos<\/a><\/div>\n\n\n\n<div class=\"wp-block-button has-custom-width wp-block-button__width-75 is-style-outline\"><a class=\"wp-block-button__link has-foreground-background-color has-background wp-element-button\" href=\"https:\/\/aepalizage.iot-d.de\/?page_id=170\" style=\"border-width:1px\">Nikki Wyrd &amp; Julian Vayne &#8211; The Book of Baphomet<\/a><\/div>\n\n\n\n<div class=\"wp-block-button has-custom-width wp-block-button__width-75 is-style-outline\"><a class=\"wp-block-button__link has-foreground-background-color has-background wp-element-button\" href=\"https:\/\/aepalizage.iot-d.de\/?page_id=163\" style=\"border-width:1px\">Julian Vayne &#8211; Deep Magic begins here<\/a><\/div>\n\n\n\n<div class=\"wp-block-button has-custom-width wp-block-button__width-75 is-style-outline\"><a class=\"wp-block-button__link has-foreground-background-color has-background wp-element-button\" href=\"https:\/\/aepalizage.iot-d.de\/?page_id=319\" style=\"border-width:1px\">C. G. Jung &#8211; Das rote Buch<\/a><\/div>\n\n\n\n<div class=\"wp-block-button has-custom-width wp-block-button__width-75 is-style-outline\"><a class=\"wp-block-button__link has-foreground-background-color has-background wp-element-button\" href=\"https:\/\/aepalizage.iot-d.de\/?page_id=1238\" style=\"border-width:1px\">Holger Kliemannel &#8211; Nox Arcanum<\/a><\/div>\n<\/div>\n\n\n\n<div style=\"height:77px\" aria-hidden=\"true\" class=\"wp-block-spacer\"><\/div>\n\n\n\n<div class=\"wp-block-buttons is-content-justification-center is-layout-flex wp-container-core-buttons-layout-2 wp-block-buttons-is-layout-flex\">\n<div class=\"wp-block-button is-style-outline\"><a class=\"wp-block-button__link has-foreground-background-color has-background wp-element-button\" href=\"https:\/\/aepalizage.iot-d.de\/\" style=\"border-width:1px\">zur\u00fcck<\/a><\/div>\n<\/div>\n\n\n\n<p class=\"has-text-align-center has-foreground-color has-text-color\">\u00b0<\/p>\n","protected":false},"excerpt":{"rendered":"<p>EMPFEHLUNGEN F\u00dcR MAGISCHE LITERATUR Es gibt eine ganze Menge (chaos-)magischer Literatur. Da kann man ziemlich schnell den \u00dcberblick verlieren. Wir wollen Dir hier ein paar B\u00fccher vorstellen, die wir im Zusammenhang mit Chaosmagie als n\u00fctzlich oder interessant empfinden: \u00b0<\/p>\n","protected":false},"author":2,"featured_media":0,"parent":0,"menu_order":0,"comment_status":"closed","ping_status":"closed","template":"","meta":{"footnotes":""},"_links":{"self":[{"href":"https:\/\/aepalizage.iot-d.de\/index.php?rest_route=\/wp\/v2\/pages\/78"}],"collection":[{"href":"https:\/\/aepalizage.iot-d.de\/index.php?rest_route=\/wp\/v2\/pages"}],"about":[{"href":"https:\/\/aepalizage.iot-d.de\/index.php?rest_route=\/wp\/v2\/types\/page"}],"author":[{"embeddable":true,"href":"https:\/\/aepalizage.iot-d.de\/index.php?rest_route=\/wp\/v2\/users\/2"}],"replies":[{"embeddable":true,"href":"https:\/\/aepalizage.iot-d.de\/index.php?rest_route=%2Fwp%2Fv2%2Fcomments&post=78"}],"version-history":[{"count":35,"href":"https:\/\/aepalizage.iot-d.de\/index.php?rest_route=\/wp\/v2\/pages\/78\/revisions"}],"predecessor-version":[{"id":2365,"href":"https:\/\/aepalizage.iot-d.de\/index.php?rest_route=\/wp\/v2\/pages\/78\/revisions\/2365"}],"wp:attachment":[{"href":"https:\/\/aepalizage.iot-d.de\/index.php?rest_route=%2Fwp%2Fv2%2Fmedia&parent=78"}],"curies":[{"name":"wp","href":"https:\/\/api.w.org\/{rel}","templated":true}]}}